{"id":2677,"date":"2022-10-20T14:37:24","date_gmt":"2022-10-20T12:37:24","guid":{"rendered":"http:\/\/test.lelli-architectes.com\/?page_id=2677"},"modified":"2025-10-23T15:42:57","modified_gmt":"2025-10-23T13:42:57","slug":"neuilly-sur-marne","status":"publish","type":"page","link":"https:\/\/test.lelli-architectes.com\/index.php\/industrie\/neuilly-sur-marne\/","title":{"rendered":"Neuilly-sur-Marne"},"content":{"rendered":"<div id=\"pl-2677\"  class=\"panel-layout\" ><div id=\"pg-2677-0\"  class=\"panel-grid panel-has-style\" ><div class=\"bandeau_titre panel-row-style panel-row-style-for-2677-0\" ><div id=\"pgc-2677-0-0\"  class=\"panel-grid-cell\" ><div id=\"panel-2677-0-0-0\" class=\"widget_text so-panel widget widget_custom_html panel-first-child panel-last-child\" data-index=\"0\" ><div class=\"widget_text titre-projet-c2 panel-widget-style panel-widget-style-for-2677-0-0-0\" ><div class=\"textwidget custom-html-widget\"><h1>Usine de Neuilly-sur-marne | Refonte de l'unit\u00e9 d'ozonation<\/h1><\/div><\/div><\/div><\/div><div id=\"pgc-2677-0-1\"  class=\"panel-grid-cell\" ><div id=\"panel-2677-0-1-0\" class=\"so-panel widget widget_sow-button panel-first-child panel-last-child\" data-index=\"1\" ><div\n\t\t\t\n\t\t\tclass=\"so-widget-sow-button so-widget-sow-button-flat-3462681f42ba-2677\"\n\t\t\t\n\t\t><div class=\"ow-button-base ow-button-align-left\"\n>\n\t\t\t<a\n\t\t\t\t\thref=\"https:\/\/test.lelli-architectes.com\/index.php\/industrie\/\"\n\t\t\t\t\tclass=\"sowb-button ow-icon-placement-left ow-button-hover\" \t>\n\t\t<span>\n\t\t\t<span class=\"sow-icon-fontawesome sow-far\" data-sow-icon=\"&#xf0a5;\"\n\t\tstyle=\"color: #ffffff\" \n\t\taria-hidden=\"true\"><\/span>\n\t\t\tRetour \u00e0 la liste des r\u00e9f\u00e9rences\t\t<\/span>\n\t\t\t<\/a>\n\t<\/div>\n<\/div><\/div><\/div><\/div><\/div><div id=\"pg-2677-1\"  class=\"panel-grid panel-no-style\" ><div id=\"pgc-2677-1-0\"  class=\"panel-grid-cell\" ><div id=\"panel-2677-1-0-0\" class=\"so-panel widget widget_sow-editor panel-first-child panel-last-child\" data-index=\"2\" ><div class=\"projet panel-widget-style panel-widget-style-for-2677-1-0-0\" ><div\n\t\t\t\n\t\t\tclass=\"so-widget-sow-editor so-widget-sow-editor-base\"\n\t\t\t\n\t\t>\n<div class=\"siteorigin-widget-tinymce textwidget\">\n\t<h6>EN CHANTIER<\/h6>\n<\/div>\n<\/div><\/div><\/div><\/div><\/div><div id=\"pg-2677-2\"  class=\"panel-grid panel-no-style\" ><div id=\"pgc-2677-2-0\"  class=\"panel-grid-cell\" ><div id=\"panel-2677-2-0-0\" class=\"so-panel widget widget_sow-editor panel-first-child panel-last-child\" data-index=\"3\" ><div class=\"projet panel-widget-style panel-widget-style-for-2677-2-0-0\" ><div\n\t\t\t\n\t\t\tclass=\"so-widget-sow-editor so-widget-sow-editor-base\"\n\t\t\t\n\t\t>\n<div class=\"siteorigin-widget-tinymce textwidget\">\n\t<h2>MISSION :<\/h2>\n<p>Mission MOP b\u00e2timent et paysage<\/p>\n<h2>LIEU :<\/h2>\n<p>93 330 Neuilly-sur-Marne<\/p>\n<h2>TRAVAUX :<\/h2>\n<p>28\u00a0000\u00a0000 \u20ac HT<\/p>\n<\/div>\n<\/div><\/div><\/div><\/div><div id=\"pgc-2677-2-1\"  class=\"panel-grid-cell\" ><div id=\"panel-2677-2-1-0\" class=\"so-panel widget widget_sow-editor panel-first-child\" data-index=\"4\" ><div\n\t\t\t\n\t\t\tclass=\"so-widget-sow-editor so-widget-sow-editor-base\"\n\t\t\t\n\t\t>\n<div class=\"siteorigin-widget-tinymce textwidget\">\n\t<p>Refonte de l\u2019unit\u00e9 d\u2019ozonation de l\u2019usine de production d\u2019eau potable.<\/p>\n<\/div>\n<\/div><\/div><div id=\"panel-2677-2-1-1\" class=\"widget_text so-panel widget widget_custom_html panel-last-child\" data-index=\"5\" ><div class=\"textwidget custom-html-widget\"><span class=\"rl-gallery-container rl-loading\" id=\"rl-gallery-container-1\" data-gallery_id=\"2676\"> <span class=\"rl-gallery rl-hidden-gallery rl-hidden-image \" id=\"rl-gallery-1\" data-gallery_no=\"1\"> <a href=\"https:\/\/test.lelli-architectes.com\/wp-content\/uploads\/2022\/10\/gg-01.jpg\" class=\"gal rl-gallery-link\" title=\"\" data-rl_title=\"\" data-rl_caption=\"\" data-rel=\"lightbox-gallery-1\" data-magnific_type=\"gallery\"><img loading=\"lazy\" decoding=\"async\" src=\"https:\/\/test.lelli-architectes.com\/wp-content\/uploads\/2022\/10\/gg-01-150x150.jpg\" width=\"150\" height=\"150\" alt=\"Lelli architectes\"\/><\/a><span class=\"rl-gallery-title\"><\/span> <a href=\"https:\/\/test.lelli-architectes.com\/wp-content\/uploads\/2022\/10\/gg-03.jpg\" title=\"\" data-rl_title=\"\" class=\"rl-gallery-link\" data-rl_caption=\"\" data-rel=\"lightbox-gallery-1\" data-magnific_type=\"gallery\" style=\"display: none;\"><img loading=\"lazy\" decoding=\"async\" src=\"https:\/\/test.lelli-architectes.com\/wp-content\/uploads\/2022\/10\/gg-03-150x150.jpg\" width=\"150\" height=\"150\" alt=\"Lelli architectes\"\/><\/a><a href=\"https:\/\/test.lelli-architectes.com\/wp-content\/uploads\/2022\/10\/gg-04.jpg\" title=\"\" data-rl_title=\"\" class=\"rl-gallery-link\" data-rl_caption=\"\" data-rel=\"lightbox-gallery-1\" data-magnific_type=\"gallery\" style=\"display: none;\"><img loading=\"lazy\" decoding=\"async\" src=\"https:\/\/test.lelli-architectes.com\/wp-content\/uploads\/2022\/10\/gg-04-150x150.jpg\" width=\"150\" height=\"150\" alt=\"Lelli architectes\"\/><\/a><a href=\"https:\/\/test.lelli-architectes.com\/wp-content\/uploads\/2022\/10\/gg-02.jpg\" title=\"\" data-rl_title=\"\" class=\"rl-gallery-link\" data-rl_caption=\"\" data-rel=\"lightbox-gallery-1\" data-magnific_type=\"gallery\" style=\"display: none;\"><img loading=\"lazy\" decoding=\"async\" src=\"https:\/\/test.lelli-architectes.com\/wp-content\/uploads\/2022\/10\/gg-02-150x150.jpg\" width=\"150\" height=\"150\" alt=\"Lelli architectes\"\/><\/a> <\/span> <\/span><\/div><\/div><\/div><\/div><div id=\"pg-2677-3\"  class=\"panel-grid panel-no-style\" ><div id=\"pgc-2677-3-0\"  class=\"panel-grid-cell panel-grid-cell-empty\" ><\/div><\/div><\/div>","protected":false},"excerpt":{"rendered":"<p>EN CHANTIER<\/p>\n","protected":false},"author":1,"featured_media":2675,"parent":830,"menu_order":13,"comment_status":"closed","ping_status":"closed","template":"","meta":{"footnotes":""},"class_list":["post-2677","page","type-page","status-publish","has-post-thumbnail","hentry","post"],"_links":{"self":[{"href":"https:\/\/test.lelli-architectes.com\/index.php\/wp-json\/wp\/v2\/pages\/2677","targetHints":{"allow":["GET"]}}],"collection":[{"href":"https:\/\/test.lelli-architectes.com\/index.php\/wp-json\/wp\/v2\/pages"}],"about":[{"href":"https:\/\/test.lelli-architectes.com\/index.php\/wp-json\/wp\/v2\/types\/page"}],"author":[{"embeddable":true,"href":"https:\/\/test.lelli-architectes.com\/index.php\/wp-json\/wp\/v2\/users\/1"}],"replies":[{"embeddable":true,"href":"https:\/\/test.lelli-architectes.com\/index.php\/wp-json\/wp\/v2\/comments?post=2677"}],"version-history":[{"count":10,"href":"https:\/\/test.lelli-architectes.com\/index.php\/wp-json\/wp\/v2\/pages\/2677\/revisions"}],"predecessor-version":[{"id":3263,"href":"https:\/\/test.lelli-architectes.com\/index.php\/wp-json\/wp\/v2\/pages\/2677\/revisions\/3263"}],"up":[{"embeddable":true,"href":"https:\/\/test.lelli-architectes.com\/index.php\/wp-json\/wp\/v2\/pages\/830"}],"wp:featuredmedia":[{"embeddable":true,"href":"https:\/\/test.lelli-architectes.com\/index.php\/wp-json\/wp\/v2\/media\/2675"}],"wp:attachment":[{"href":"https:\/\/test.lelli-architectes.com\/index.php\/wp-json\/wp\/v2\/media?parent=2677"}],"curies":[{"name":"wp","href":"https:\/\/api.w.org\/{rel}","templated":true}]}}